{"id":158,"date":"2023-02-06T10:18:51","date_gmt":"2023-02-06T09:18:51","guid":{"rendered":"https:\/\/www.smaportal.at\/blog\/?page_id=158"},"modified":"2023-02-06T10:18:51","modified_gmt":"2023-02-06T09:18:51","slug":"impressum-und-datenschutz","status":"publish","type":"page","link":"https:\/\/www.smaportal.at\/blog\/impressum-und-datenschutz\/","title":{"rendered":"Impressum und Datenschutz"},"content":{"rendered":"\n<p>Bei der Homepage smaportal.at\/blog handelt es sich um eine rein private Homepage. <\/p>\n\n\n\n<p>Quelle: <a href=\"https:\/\/oesterreich.gv.at\" target=\"_blank\" rel=\"noreferrer noopener\">https:\/\/oesterreich.gv.at<\/a><\/p>\n\n\n\n<p>Bei der&nbsp;<strong>Offenlegungspflicht<\/strong>&nbsp;wird zwischen &#8222;gro\u00dfen&#8220; und &#8222;kleinen&#8220; Websites unterschieden. Wenn eine&nbsp;<a rel=\"noreferrer noopener\" href=\"https:\/\/www.oesterreich.gv.at\/lexicon\/W\/Seite.991511.html\" target=\"_blank\">Website<\/a>&nbsp;keinen \u00fcber die Darstellung des pers\u00f6nlichen Lebensbereichs oder Pr\u00e4sentation der Medieninhaberin\/des Medieninhabers hinausgehenden Informationsgehalt aufweist, der geeignet ist, die \u00f6ffentliche Meinungsbildung zu beeinflussen, handelt es sich um eine&nbsp;<strong>&#8222;kleine Website&#8220;<\/strong>. Die Offenlegungspflicht beschr\u00e4nkt sich in diesem Fall auf<\/p>\n\n\n\n<ul class=\"wp-block-list\">\n<li>Name: Martin S\u00f6llradl<\/li>\n\n\n\n<li>eMail: martinsoellradl(a)iCloud.com<\/li>\n\n\n\n<li>Wohnort: Wels<\/li>\n<\/ul>\n\n\n\n<p>Es wurden s\u00e4mtliche M\u00f6glichkeiten f\u00fcr eine Benutzerbezogene Registrierung entfernt. Somit k\u00f6nnen keine Kommentare verfasst werden und es werden dadurch keine Benutzerbezogenen Daten gespeichert. <\/p>\n\n\n\n<p>Google Fonts<br>Es wurden auf der gesamten Homepage Google Fonts mittels einem Plugin entfernt.<br><\/p>\n\n\n\n<p><\/p>\n","protected":false},"excerpt":{"rendered":"<p>Bei der Homepage smaportal.at\/blog handelt es sich um eine rein private Homepage. Quelle: https:\/\/oesterreich.gv.at Bei der&nbsp;Offenlegungspflicht&nbsp;wird zwischen &#8222;gro\u00dfen&#8220; und &#8222;kleinen&#8220; Websites unterschieden. Wenn eine&nbsp;Website&nbsp;keinen \u00fcber die Darstellung des pers\u00f6nlichen Lebensbereichs oder Pr\u00e4sentation der Medieninhaberin\/des Medieninhabers hinausgehenden Informationsgehalt aufweist, der geeignet ist, die \u00f6ffentliche Meinungsbildung zu beeinflussen, handelt es sich um eine&nbsp;&#8222;kleine Website&#8220;. Die Offenlegungspflicht beschr\u00e4nkt &hellip; <\/p>\n<p class=\"link-more\"><a href=\"https:\/\/www.smaportal.at\/blog\/impressum-und-datenschutz\/\" class=\"more-link\"><span class=\"screen-reader-text\">\u201eImpressum und Datenschutz\u201c<\/span> weiterlesen<\/a><\/p>\n","protected":false},"author":2,"featured_media":0,"parent":0,"menu_order":0,"comment_status":"closed","ping_status":"closed","template":"","meta":{"footnotes":""},"class_list":["post-158","page","type-page","status-publish","hentry"],"jetpack_sharing_enabled":true,"_links":{"self":[{"href":"https:\/\/www.smaportal.at\/blog\/wp-json\/wp\/v2\/pages\/158","targetHints":{"allow":["GET"]}}],"collection":[{"href":"https:\/\/www.smaportal.at\/blog\/wp-json\/wp\/v2\/pages"}],"about":[{"href":"https:\/\/www.smaportal.at\/blog\/wp-json\/wp\/v2\/types\/page"}],"author":[{"embeddable":true,"href":"https:\/\/www.smaportal.at\/blog\/wp-json\/wp\/v2\/users\/2"}],"replies":[{"embeddable":true,"href":"https:\/\/www.smaportal.at\/blog\/wp-json\/wp\/v2\/comments?post=158"}],"version-history":[{"count":4,"href":"https:\/\/www.smaportal.at\/blog\/wp-json\/wp\/v2\/pages\/158\/revisions"}],"predecessor-version":[{"id":162,"href":"https:\/\/www.smaportal.at\/blog\/wp-json\/wp\/v2\/pages\/158\/revisions\/162"}],"wp:attachment":[{"href":"https:\/\/www.smaportal.at\/blog\/wp-json\/wp\/v2\/media?parent=158"}],"curies":[{"name":"wp","href":"https:\/\/api.w.org\/{rel}","templated":true}]}}